{"id":7339,"date":"2020-06-20T20:11:07","date_gmt":"2020-06-20T18:11:07","guid":{"rendered":"http:\/\/www.equipesstmichel.org\/divi\/?page_id=7339"},"modified":"2025-02-13T16:02:25","modified_gmt":"2025-02-13T15:02:25","slug":"temoignages","status":"publish","type":"page","link":"http:\/\/www.equipesstmichel.org\/divi\/temoignages\/","title":{"rendered":"T\u00e9moignages"},"content":{"rendered":"<p>[et_pb_section fb_built=\u00a0\u00bb1&Prime; _builder_version=\u00a0\u00bb4.4.7&Prime;][et_pb_row column_structure=\u00a0\u00bb1_2,1_2&Prime; _builder_version=\u00a0\u00bb4.4.7&Prime;][et_pb_column type=\u00a0\u00bb1_2&Prime; _builder_version=\u00a0\u00bb4.4.7&Prime;][et_pb_text _builder_version=\u00a0\u00bb4.4.7&Prime; text_font=\u00a0\u00bbMontserrat|300|||||||\u00a0\u00bb text_text_color=\u00a0\u00bb#000000&Prime; text_font_size=\u00a0\u00bb18px\u00a0\u00bb header_font=\u00a0\u00bb|800|||||||\u00a0\u00bb header_text_color=\u00a0\u00bb#E02B20&Prime; header_font_size=\u00a0\u00bb40px\u00a0\u00bb header_2_font=\u00a0\u00bb|300|||||||\u00a0\u00bb header_2_text_color=\u00a0\u00bb#E02B20&Prime; header_2_font_size=\u00a0\u00bb30px\u00a0\u00bb header_3_font=\u00a0\u00bb|600|||||||\u00a0\u00bb header_3_font_size=\u00a0\u00bb25px\u00a0\u00bb header_5_font_size=\u00a0\u00bb23px\u00a0\u00bb header_6_font=\u00a0\u00bb|300|||||||\u00a0\u00bb header_6_text_color=\u00a0\u00bb#E02B20&Prime; header_6_font_size=\u00a0\u00bb19px\u00a0\u00bb]<\/p>\n<h2>T\u00e9moignages<\/h2>\n<p>[\/et_pb_text][et_pb_testimonial author=\u00a0\u00bbAudrey\u00a0\u00bb quote_icon_color=\u00a0\u00bb#e02b20&Prime; quote_icon_background_color=\u00a0\u00bb#ffffff\u00a0\u00bb _builder_version=\u00a0\u00bb4.4.7&Prime; body_font=\u00a0\u00bbMontserrat|300|||||||\u00a0\u00bb body_font_size=\u00a0\u00bb18px\u00a0\u00bb author_font=\u00a0\u00bb|600|||||||\u00a0\u00bb]<\/p>\n<p><span>Je m\u2019appelle Audrey Je suis dans les Equipes saint Michel Depuis 1997 donc \u00e7a va faire 22 ans et je vous invite \u00e0 venir \u00e0 Lourdes avec les Equipes Saint Michel.<\/span><br \/> <span>On vit une semaine hors du commun Avec une personne moins-valide et tous les gens qu\u2019il y a autour de nous. On fait des tas de choses trop styl\u00e9es : comme le chemin de croix, la veill\u00e9e Bonne Nouvelle, le caf\u00e9 Bar et toutes sortes de choses.<\/span><br \/> <span>Mais surtout on aime les gens qu\u2019on rencontre. On m\u2019a demand\u00e9 s\u2019il avait des miracles \u00e0 Lourdes, j\u2019ai dit oui mais des miracles de rencontres de joie, de fraternit\u00e9, de partage. Toutes ces choses-l\u00e0 ont un sens et \u00e7a m\u2019apporte beaucoup de choses dans ma vie Alors je vous invite \u00e0 venir a Lourdes avec les Equipes Saint Michel Pour vivre une semaine hors du commun. On revient chang\u00e9s de Lourdes<\/span><br \/> <span>Je vous donne rendez-vous le 17 ao\u00fbt pour un pel\u00e9 de folie avec les Equipes Saint-Michel<\/span><\/p>\n<p>[\/et_pb_testimonial][et_pb_gallery gallery_ids=\u00a0\u00bb6936,6935,6934,6933,6932,6931,6930,6929,6928,6927,6926,6925,6924,6923,6922,6921,6920,6919,6918,6917,6916,6915,6914,6913,6912,6911,6910,6909,6908,6907,6906,6905,6904,6903,6902,6901,6900,6899,6898,6897,6896,6895,6894,6893,6892,6891,6890&Prime; posts_number=\u00a0\u00bb12&Prime; _builder_version=\u00a0\u00bb4.4.7&Prime;][\/et_pb_gallery][et_pb_gallery gallery_ids=\u00a0\u00bb6890,6891,6892,6893,6894,6895,6896,6897,6898,6899,6900,6901,6902,6903,6904,6905,6906,6907,6908,6909,6910,6911,6912,6913,6914,6915,6916,6917,6918,6919,6920,6921,6922,6923,6924,6925,6926,6927,6928,6929,6930,6931,6932,6933,6934,6935,6936&Prime; posts_number=\u00a0\u00bb12&Prime; show_title_and_caption=\u00a0\u00bboff\u00a0\u00bb _builder_version=\u00a0\u00bb4.4.7&Prime; custom_margin=\u00a0\u00bb||-70px|||\u00a0\u00bb][\/et_pb_gallery][\/et_pb_column][et_pb_column type=\u00a0\u00bb1_2&Prime; _builder_version=\u00a0\u00bb4.4.7&Prime;][et_pb_image src=\u00a0\u00bbhttp:\/\/www.equipesstmichel.org\/divi\/wp-content\/uploads\/2020\/06\/pele_lourdes_2011_DSC07577.jpg\u00a0\u00bb title_text=\u00a0\u00bbpele_lourdes_2011_DSC07577&Prime; _builder_version=\u00a0\u00bb4.4.7&Prime; custom_padding=\u00a0\u00bb186px|||||\u00a0\u00bb hover_enabled=\u00a0\u00bb0&Prime;][\/et_pb_image][\/et_pb_column][\/et_pb_row][et_pb_row _builder_version=\u00a0\u00bb4.4.7&Prime;][et_pb_column type=\u00a0\u00bb4_4&Prime; _builder_version=\u00a0\u00bb4.4.7&Prime;][et_pb_testimonial author=\u00a0\u00bbGa\u00eblle\u00a0\u00bb quote_icon_color=\u00a0\u00bb#e02b20&Prime; quote_icon_background_color=\u00a0\u00bb#ffffff\u00a0\u00bb _builder_version=\u00a0\u00bb4.4.7&Prime; body_font=\u00a0\u00bbMontserrat|300|||||||\u00a0\u00bb body_font_size=\u00a0\u00bb18px\u00a0\u00bb author_font=\u00a0\u00bb|600|||||||\u00a0\u00bb]<\/p>\n<pre><strong>Qu\u2019est ce que c\u2019est Lourdes ?<\/strong><\/pre>\n<p>Cette question a autant de r\u00e9ponses que de personnes qui passent, d\u00e9couvrent, viennent et reviennent dans cette ville unique en son genre.<br \/> Pour moi, qui fait partie des ESM, Lourdes c\u2019est\u2026<\/p>\n<p>Des rencontres: avec des personnes qui ont une foi vibrante, avec des personnes de culture et d\u2019origine diff\u00e9rente, avec des personnes qui nous apprendront quelque chose et \u00e0 qui, peut-\u00eatre, on apprendra autre chose.<\/p>\n<p>Des sourires. H\u00e9 oui, pour moi, Lourdes est un endroit qui a le sourire! Encore plus quand il fait beau.. et malgr\u00e9 la pluie qui pointe parfois le bout de son nez, on peut distinguer des sourires d\u2019espoir, de joie, de retrouvailles sur les visages des p\u00e8lerins.<\/p>\n<p>Le silence. Pendant la mont\u00e9e jusqu\u2019\u00e0 Bartr\u00e8s, dans les moments de pri\u00e8re, seul ou accompagn\u00e9. Devant les cierges dont les flammes dansent l\u00e9g\u00e8rement ou devant la grotte, les pieds presque dans le Gave. Un silence rempli de communication, un silence que je trouve difficilement ailleurs.<\/p>\n<p>Des moments exceptionnels. Que ce soit \u00e0 table, durant une activit\u00e9, dans la chambre d\u2019h\u00f4tel, sur une terrasse, dans la cit\u00e9 St Pierre\u2026 Il y en a tellement! Pr\u00e9vus dans le programme ou non, ce sont des moments \u00e0 cueillir, \u00e0 garder, qui nous emplissent d\u2019un sentiment extraordinaire.<\/p>\n<p>Des personnes extra-ordinaires. Elles sont n\u00e9cessaires et sont m\u00eame le c\u0153ur des \u00c9quipes. Si notre p\u00e9l\u00e9 est si unique c\u2019est parce que nous vivons une semaine avec des personnes dites \u00abmoins valides \u00bb. Une diff\u00e9rence qui est une richesse, qui nous permet aussi de voir nos diff\u00e9rences. Chacun a ses petits handicaps, ils nous apprennent \u00e0 en faire une force.<\/p>\n<p>[\/et_pb_testimonial][et_pb_button button_url=\u00a0\u00bb@ET-DC@eyJkeW5hbWljIjp0cnVlLCJjb250ZW50IjoicG9zdF9saW5rX3VybF9wb3N0Iiwic2V0dGluZ3MiOnsicG9zdF9pZCI6IjczOTIifX0=@\u00a0\u00bb button_text=\u00a0\u00bbLire la suite\u00a0\u00bb _builder_version=\u00a0\u00bb4.4.7&Prime; _dynamic_attributes=\u00a0\u00bbbutton_url\u00a0\u00bb][\/et_pb_button][et_pb_image src=\u00a0\u00bbhttp:\/\/www.equipesstmichel.org\/divi\/wp-content\/uploads\/2020\/05\/2018-22_IMG_1227-scaled.jpg\u00a0\u00bb title_text=\u00a0\u00bb2018-22_IMG_1227&Prime; _builder_version=\u00a0\u00bb4.4.7&Prime;][\/et_pb_image][\/et_pb_column][\/et_pb_row][et_pb_row _builder_version=\u00a0\u00bb4.4.7&Prime;][et_pb_column type=\u00a0\u00bb4_4&Prime; _builder_version=\u00a0\u00bb4.4.7&Prime;][et_pb_testimonial author=\u00a0\u00bbJehane et Michel\u00a0\u00bb quote_icon_color=\u00a0\u00bb#e02b20&Prime; quote_icon_background_color=\u00a0\u00bb#ffffff\u00a0\u00bb _builder_version=\u00a0\u00bb4.4.7&Prime; body_font=\u00a0\u00bbMontserrat|300|||||||\u00a0\u00bb body_font_size=\u00a0\u00bb18px\u00a0\u00bb author_font=\u00a0\u00bb|600|||||||\u00a0\u00bb]<\/p>\n<p>Si on devait vous convaincre d\u2019aller \u00e0 Lourdes on dirait simplement: \u00abAllez-y\u00bb! Il faut au moins vivre ce p\u00e9l\u00e9 une fois dans sa vie, c\u2019est incroya-ble. C\u2019est miraculeux Lourdes. On vit autrement que chez nous. C\u2019est une autre ambiance, les gens sont plus accueillants. Lourdes c\u2019est gai parce qu\u2019on prie ; c\u2019est amical. C\u2019est un miracle Lourdes. \u00e7a vaut vraiment la peine d\u2019\u00eatre v\u00e9cu! Mais deux jours en plus ne feraient pas de mal car on a \u00e0 peine le temps de connaitre les gens qu\u2019on doit d\u00e9j\u00e0 les quitter. Chaque fois qu\u2019on part de Lourdes on a les larmes aux yeux tellement on est triste de quitter cette aventure magique. on ne le dira jamais assez: \u00abLourdes c\u2019est miraculeux!\u00bb \u00bb<\/p>\n<p>[\/et_pb_testimonial][et_pb_image src=\u00a0\u00bbhttp:\/\/www.equipesstmichel.org\/divi\/wp-content\/uploads\/2020\/06\/pele_lourdes_2010_DSC02800.jpg\u00a0\u00bb title_text=\u00a0\u00bbpele_lourdes_2010_DSC02800&Prime; _builder_version=\u00a0\u00bb4.4.7&Prime; min_height=\u00a0\u00bb535px\u00a0\u00bb][\/et_pb_image][et_pb_testimonial author=\u00a0\u00bbP\u00e8re Andr\u00e9\u00a0\u00bb quote_icon_color=\u00a0\u00bb#e02b20&Prime; quote_icon_background_color=\u00a0\u00bb#ffffff\u00a0\u00bb _builder_version=\u00a0\u00bb4.4.7&Prime; body_font=\u00a0\u00bbMontserrat|300|||||||\u00a0\u00bb body_font_size=\u00a0\u00bb18px\u00a0\u00bb author_font=\u00a0\u00bb|600|||||||\u00a0\u00bb]<\/p>\n<p>Re\u00e7ois cette lettre comme un t\u00e9moignage, je te l&rsquo;adresse pour que toi aussi, tu puisses vivre comme nous le miracle de Lourdes&#8230;<\/p>\n<p>Lourdes un nom que tu connais : p\u00e9p\u00e9 poussant m\u00e9m\u00e9 dans sa voiturette, l&rsquo;un et l&rsquo;autre le cierge \u00e0 la main, murmurant tout bas leur \u00ab\u00a0je vous salue Marie&#8230;\u00a0\u00bb; un nom que tu vois, une image d&rsquo;Epinal symbolisant l&rsquo;Eglise de nos grands-parents&#8230;<br \/>Ecoute-moi&#8230; Lourdes, j&rsquo;y ai \u00e9t\u00e9, je l&rsquo;ai v\u00e9cu, voici ce que je dois te dire !<br \/>Quand as-tu \u00e9t\u00e9 vraiment heureux, \u00e0 fond, dans une communion toute vraie avec l&rsquo;Autre?<br \/>Moi je l&rsquo;ai \u00e9t\u00e9 &#8230;\u00e0 Lourdes !<br \/>Lourdes, lieu o\u00f9 se rassemble toute la souffrance du monde, \u00e0 travers les personnes \u00e2g\u00e9es, les malades et les personnes ayant un handicap&#8230;C&rsquo;est vrai, la souffrance, tu la verras, tu la porteras, tu la vivras, tu l&rsquo;assumeras pour mieux la combattre !<\/p>\n<p>Les personnes \u00e2g\u00e9es? Elles ont le coeur plus jeune que toi&#8230; Les malades et les personnes ayant un handicap? Celui qui est dans sa voiturette n&rsquo;est pas plus malade que nous, et lorsque cette personne ayant un handicap sera devenu ton fr\u00e8re, alors tu t&rsquo;en apercevras : le sourire de Lourdes, c&rsquo;est lui qui le fait; il a le coeur plus grand que nous&#8230;<br \/>Lourdes, foule anonyme et d\u00e9v\u00f4te? Lorsque toi aussi, tu seras au milieu de cette foule, tu sentiras le peuple de Dieu en marche, l&rsquo;\u00e9glise vivante, J\u00e9sus Christ pr\u00e9sent dans chaque regard, dans chaque sourire&#8230;un souffle de vie, d&rsquo;espoir et de fraternit\u00e9 que nulle part ailleurs tu ne trouveras.<\/p>\n<p>[\/et_pb_testimonial][et_pb_image src=\u00a0\u00bbhttp:\/\/www.equipesstmichel.org\/divi\/wp-content\/uploads\/2020\/06\/pele_lourdes_2009_CSC_0211.jpg\u00a0\u00bb title_text=\u00a0\u00bbpele_lourdes_2009_CSC_0211&Prime; _builder_version=\u00a0\u00bb4.4.7&Prime;][\/et_pb_image][et_pb_gallery gallery_ids=\u00a0\u00bb6936,6935,6934,6933,6932,6931,6930,6929,6928,6927,6926,6925,6924,6923,6922,6921,6920,6919,6918,6917,6916,6915,6914,6913,6912,6911,6910,6909,6908,6907,6906,6905,6904,6903,6902,6901,6900,6899,6898,6897,6896,6895,6894,6893,6892,6891,6890&Prime; posts_number=\u00a0\u00bb12&Prime; _builder_version=\u00a0\u00bb4.4.7&Prime;][\/et_pb_gallery][et_pb_gallery gallery_ids=\u00a0\u00bb6890,6891,6892,6893,6894,6895,6896,6897,6898,6899,6900,6901,6902,6903,6904,6905,6906,6907,6908,6909,6910,6911,6912,6913,6914,6915,6916,6917,6918,6919,6920,6921,6922,6923,6924,6925,6926,6927,6928,6929,6930,6931,6932,6933,6934,6935,6936&Prime; posts_number=\u00a0\u00bb12&Prime; show_title_and_caption=\u00a0\u00bboff\u00a0\u00bb _builder_version=\u00a0\u00bb4.4.7&Prime;][\/et_pb_gallery][\/et_pb_column][\/et_pb_row][et_pb_row _builder_version=\u00a0\u00bb4.4.7&Prime;][et_pb_column type=\u00a0\u00bb4_4&Prime; _builder_version=\u00a0\u00bb4.4.7&Prime;][et_pb_text _builder_version=\u00a0\u00bb4.4.7&Prime;]<\/p>\n<h3><span style=\"color: #e02b20;\">Reportage YouTube de notre p\u00e9l\u00e9 2022 &#8211; CathoBel<\/span><\/h3>\n<p>Cet \u00e9t\u00e9, deux journalistes de CathoBel nous ont suivis tout au long de notre p\u00e9l\u00e9. Le reportage est disponible, le voici!<a href=\"https:\/\/www.youtube.com\/watch?v=t2ug2OW4Vho&amp;t=1372s\">\u00a0 \u00a0 \u00a0 \u00a0 \u00a0 \u00a0 \u00a0\u00a0<\/a><\/p>\n<h2><span style=\"color: #333333;\"><span style=\"color: #0000ff;\"><\/span><\/span><\/h2>\n<p><iframe loading=\"lazy\" title=\"Un \u00e9t\u00e9 belge \u00e0 Lourdes\" width=\"1080\" height=\"608\" src=\"https:\/\/www.youtube.com\/embed\/t2ug2OW4Vho?start=1372&#038;feature=oembed\" frameborder=\"0\" allow=\"accelerometer; autoplay; clipboard-write; encrypted-media; gyroscope; picture-in-picture; web-share\" referrerpolicy=\"strict-origin-when-cross-origin\" allowfullscreen><\/iframe>[\/et_pb_text][\/et_pb_column][\/et_pb_row][et_pb_row _builder_version=\u00a0\u00bb4.4.7&Prime;][et_pb_column _builder_version=\u00a0\u00bb4.4.7&Prime; type=\u00a0\u00bb4_4&Prime;][et_pb_video src=\u00a0\u00bbhttps:\/\/www.youtube.com\/watch?v=Xfml8NKPV1U\u00a0\u00bb _builder_version=\u00a0\u00bb4.4.7&Prime; hover_enabled=\u00a0\u00bb0&Prime;][\/et_pb_video][\/et_pb_column][\/et_pb_row][et_pb_row _builder_version=\u00a0\u00bb4.4.7&Prime;][et_pb_column _builder_version=\u00a0\u00bb4.4.7&Prime; type=\u00a0\u00bb4_4&Prime;][et_pb_video _builder_version=\u00a0\u00bb4.4.7&Prime; src=\u00a0\u00bbhttps:\/\/www.youtube.com\/watch?v=mfi4ocgVIH4&Prime; hover_enabled=\u00a0\u00bb0&Prime;][\/et_pb_video][\/et_pb_column][\/et_pb_row][\/et_pb_section]<\/p>\n","protected":false},"excerpt":{"rendered":"<p>[et_pb_section fb_built=\u00a0\u00bb1&Prime; _builder_version=\u00a0\u00bb4.4.7&Prime;][et_pb_row column_structure=\u00a0\u00bb1_2,1_2&Prime; _builder_version=\u00a0\u00bb4.4.7&Prime;][et_pb_column type=\u00a0\u00bb1_2&Prime; _builder_version=\u00a0\u00bb4.4.7&Prime;][et_pb_text _builder_version=\u00a0\u00bb4.4.7&Prime; text_font=\u00a0\u00bbMontserrat|300|||||||\u00a0\u00bb text_text_color=\u00a0\u00bb#000000&Prime; text_font_size=\u00a0\u00bb18px\u00a0\u00bb header_font=\u00a0\u00bb|800|||||||\u00a0\u00bb header_text_color=\u00a0\u00bb#E02B20&Prime; header_font_size=\u00a0\u00bb40px\u00a0\u00bb header_2_font=\u00a0\u00bb|300|||||||\u00a0\u00bb header_2_text_color=\u00a0\u00bb#E02B20&Prime; header_2_font_size=\u00a0\u00bb30px\u00a0\u00bb header_3_font=\u00a0\u00bb|600|||||||\u00a0\u00bb header_3_font_size=\u00a0\u00bb25px\u00a0\u00bb header_5_font_size=\u00a0\u00bb23px\u00a0\u00bb header_6_font=\u00a0\u00bb|300|||||||\u00a0\u00bb header_6_text_color=\u00a0\u00bb#E02B20&Prime; header_6_font_size=\u00a0\u00bb19px\u00a0\u00bb] T\u00e9moignages [\/et_pb_text][et_pb_testimonial author=\u00a0\u00bbAudrey\u00a0\u00bb quote_icon_color=\u00a0\u00bb#e02b20&Prime; quote_icon_background_color=\u00a0\u00bb#ffffff\u00a0\u00bb _builder_version=\u00a0\u00bb4.4.7&Prime; body_font=\u00a0\u00bbMontserrat|300|||||||\u00a0\u00bb body_font_size=\u00a0\u00bb18px\u00a0\u00bb author_font=\u00a0\u00bb|600|||||||\u00a0\u00bb] Je m\u2019appelle Audrey Je suis dans les Equipes saint Michel Depuis 1997 donc \u00e7a va faire 22 ans et je vous invite \u00e0 [&hellip;]<\/p>\n","protected":false},"author":1,"featured_media":0,"parent":0,"menu_order":0,"comment_status":"closed","ping_status":"closed","template":"","meta":{"_et_pb_use_builder":"on","_et_pb_old_content":"","_et_gb_content_width":"","_mi_skip_tracking":false},"aioseo_notices":[],"_links":{"self":[{"href":"http:\/\/www.equipesstmichel.org\/divi\/wp-json\/wp\/v2\/pages\/7339"}],"collection":[{"href":"http:\/\/www.equipesstmichel.org\/divi\/wp-json\/wp\/v2\/pages"}],"about":[{"href":"http:\/\/www.equipesstmichel.org\/divi\/wp-json\/wp\/v2\/types\/page"}],"author":[{"embeddable":true,"href":"http:\/\/www.equipesstmichel.org\/divi\/wp-json\/wp\/v2\/users\/1"}],"replies":[{"embeddable":true,"href":"http:\/\/www.equipesstmichel.org\/divi\/wp-json\/wp\/v2\/comments?post=7339"}],"version-history":[{"count":19,"href":"http:\/\/www.equipesstmichel.org\/divi\/wp-json\/wp\/v2\/pages\/7339\/revisions"}],"predecessor-version":[{"id":8934,"href":"http:\/\/www.equipesstmichel.org\/divi\/wp-json\/wp\/v2\/pages\/7339\/revisions\/8934"}],"wp:attachment":[{"href":"http:\/\/www.equipesstmichel.org\/divi\/wp-json\/wp\/v2\/media?parent=7339"}],"curies":[{"name":"wp","href":"https:\/\/api.w.org\/{rel}","templated":true}]}}