{"id":8961,"date":"2025-02-14T09:49:55","date_gmt":"2025-02-14T08:49:55","guid":{"rendered":"https:\/\/www.equipesstmichel.org\/divi\/?page_id=8961"},"modified":"2025-02-14T10:09:36","modified_gmt":"2025-02-14T09:09:36","slug":"photos-2024","status":"publish","type":"page","link":"http:\/\/www.equipesstmichel.org\/divi\/photos-2024\/","title":{"rendered":"Photos P\u00e8le 2024"},"content":{"rendered":"<p>[et_pb_section fb_built=\u00a0\u00bb1&Prime; admin_label=\u00a0\u00bbSection\u00a0\u00bb _builder_version=\u00a0\u00bb4.4.7&Prime;][et_pb_row _builder_version=\u00a0\u00bb4.4.7&Prime;][et_pb_column type=\u00a0\u00bb4_4&Prime; _builder_version=\u00a0\u00bb4.4.7&Prime;][et_pb_text _builder_version=\u00a0\u00bb4.4.7&Prime; text_font=\u00a0\u00bbMontserrat||||||||\u00a0\u00bb]<\/p>\n<div class=\"template-full-widch\" id=\"page\">\n<div id=\"main\">\n<div class=\"primary\">\n<div id=\"content\">\n<article class=\"post-131 page type-page status-publish hentry\" id=\"post-131\">\n<div class=\"col2 fright\">\n<div class=\"entry-content\">\n<p style=\"text-align: justify;\">Si vous figurez sur une photo et souhaitez qu\u2019elle ne soit pas publi\u00e9e sur notre site, contactez-nous et nous la retirerons imm\u00e9diatement.<\/p>\n<p style=\"text-align: justify;\">Vous avez particip\u00e9 \u00e0 une de nos activit\u00e9s et d\u00e9sirez partager vos photos? Envoyez-les nous par e-mail (compress\u00e9es), nous nous ferons un plaisir de les publier sur cette page.<\/p>\n<\/div>\n<\/div>\n<\/article>\n<\/div>\n<\/div>\n<\/div>\n<\/div>\n<p>[\/et_pb_text][et_pb_gallery posts_number=\u00a0\u00bb80&Prime; show_title_and_caption=\u00a0\u00bboff\u00a0\u00bb _builder_version=\u00a0\u00bb4.4.7&Prime; hover_enabled=\u00a0\u00bb0&Prime;][\/et_pb_gallery][\/et_pb_column][\/et_pb_row][\/et_pb_section]<\/p>\n","protected":false},"excerpt":{"rendered":"<p>[et_pb_section fb_built=\u00a0\u00bb1&Prime; admin_label=\u00a0\u00bbSection\u00a0\u00bb _builder_version=\u00a0\u00bb4.4.7&Prime;][et_pb_row _builder_version=\u00a0\u00bb4.4.7&Prime;][et_pb_column type=\u00a0\u00bb4_4&Prime; _builder_version=\u00a0\u00bb4.4.7&Prime;][et_pb_text _builder_version=\u00a0\u00bb4.4.7&Prime; text_font=\u00a0\u00bbMontserrat||||||||\u00a0\u00bb] Si vous figurez sur une photo et souhaitez qu\u2019elle ne soit pas publi\u00e9e sur notre site, contactez-nous et nous la retirerons imm\u00e9diatement. Vous avez particip\u00e9 \u00e0 une de nos activit\u00e9s et d\u00e9sirez partager vos photos? Envoyez-les nous par e-mail (compress\u00e9es), nous nous ferons un plaisir de [&hellip;]<\/p>\n","protected":false},"author":1,"featured_media":0,"parent":0,"menu_order":0,"comment_status":"closed","ping_status":"closed","template":"","meta":{"_et_pb_use_builder":"on","_et_pb_old_content":"","_et_gb_content_width":"","_mi_skip_tracking":false},"aioseo_notices":[],"_links":{"self":[{"href":"http:\/\/www.equipesstmichel.org\/divi\/wp-json\/wp\/v2\/pages\/8961"}],"collection":[{"href":"http:\/\/www.equipesstmichel.org\/divi\/wp-json\/wp\/v2\/pages"}],"about":[{"href":"http:\/\/www.equipesstmichel.org\/divi\/wp-json\/wp\/v2\/types\/page"}],"author":[{"embeddable":true,"href":"http:\/\/www.equipesstmichel.org\/divi\/wp-json\/wp\/v2\/users\/1"}],"replies":[{"embeddable":true,"href":"http:\/\/www.equipesstmichel.org\/divi\/wp-json\/wp\/v2\/comments?post=8961"}],"version-history":[{"count":6,"href":"http:\/\/www.equipesstmichel.org\/divi\/wp-json\/wp\/v2\/pages\/8961\/revisions"}],"predecessor-version":[{"id":8970,"href":"http:\/\/www.equipesstmichel.org\/divi\/wp-json\/wp\/v2\/pages\/8961\/revisions\/8970"}],"wp:attachment":[{"href":"http:\/\/www.equipesstmichel.org\/divi\/wp-json\/wp\/v2\/media?parent=8961"}],"curies":[{"name":"wp","href":"https:\/\/api.w.org\/{rel}","templated":true}]}}