{"id":6887,"date":"2020-05-25T01:15:38","date_gmt":"2020-05-24T23:15:38","guid":{"rendered":"http:\/\/www.equipesstmichel.org\/divi\/?page_id=6887"},"modified":"2025-02-10T14:44:05","modified_gmt":"2025-02-10T13:44:05","slug":"agenda","status":"publish","type":"page","link":"https:\/\/www.equipesstmichel.org\/divi\/agenda\/","title":{"rendered":"Agenda"},"content":{"rendered":"<p>[et_pb_section fb_built=\u00a0\u00bb1&Prime; _builder_version=\u00a0\u00bb4.4.7&Prime; min_height=\u00a0\u00bb454px\u00a0\u00bb][et_pb_row _builder_version=\u00a0\u00bb4.4.7&Prime;][et_pb_column type=\u00a0\u00bb4_4&Prime; _builder_version=\u00a0\u00bb4.4.7&Prime;][et_pb_text _builder_version=\u00a0\u00bb4.4.7&Prime; text_font=\u00a0\u00bbMontserrat||||||||\u00a0\u00bb text_text_color=\u00a0\u00bb#000000&Prime; text_font_size=\u00a0\u00bb18px\u00a0\u00bb header_font=\u00a0\u00bb|800|||||||\u00a0\u00bb header_text_color=\u00a0\u00bb#E02B20&Prime; header_font_size=\u00a0\u00bb40px\u00a0\u00bb header_2_font=\u00a0\u00bb|700|||||||\u00a0\u00bb header_2_font_size=\u00a0\u00bb30px\u00a0\u00bb header_3_font=\u00a0\u00bb|600|||||||\u00a0\u00bb header_3_font_size=\u00a0\u00bb25px\u00a0\u00bb header_5_font_size=\u00a0\u00bb23px\u00a0\u00bb header_6_font=\u00a0\u00bb|300|||||||\u00a0\u00bb header_6_text_color=\u00a0\u00bb#E02B20&Prime; header_6_font_size=\u00a0\u00bb19px\u00a0\u00bb custom_padding=\u00a0\u00bb||0px|||\u00a0\u00bb hover_enabled=\u00a0\u00bb0&Prime;]<\/p>\n<p>&nbsp;<\/p>\n<p>&nbsp;<\/p>\n<p><span style=\"color: #ff0000;\"><strong>P\u00e8lerinage 2025 !<\/strong><\/span><\/p>\n<p>Il est grand temps de penser \u00e0 tes vacances\u00a0! Il y aura du soleil et de la d\u00e9tente, esp\u00e9rons-le. Y aura-t-il aussi ce moment de ressourcement spirituel et humain tel que le proposent les \u00c9quipes St-Michel\u00a0?<\/p>\n<p>Nous avons besoin de toi pour faire de cette semaine de p\u00e8lerinage \u00e0 Lourdes un temps r\u00e9g\u00e9n\u00e9rant pour tous. Et ne l\u2019oublie pas, les personnes moins valides ont besoin de toi pour que cette folle aventure soit possible et que leur r\u00eave, cultiv\u00e9 tout au long de l\u2019ann\u00e9e, se r\u00e9alise une fois de plus. On n\u2019est jamais assez nombreux pour les accompagner.<\/p>\n<p>Note d\u00e9j\u00e0 la date, du 16 au 23 ao\u00fbt, et remplis vite le formulaire. Au nom de tous, merci\u00a0!<\/p>\n<p><span style=\"color: #333333;\"><\/span><\/p>\n<h2><span style=\"color: #333333;\">Lien vers le formulaire : Vers fin avril 2025.<span style=\"color: #0000ff;\"><\/span><\/span><\/h2>\n<h2><span>Lien vers le dernier journal : Vers fin avril 2025<\/span><span style=\"color: #333333;\"><\/span><\/h2>\n<p>&nbsp;<\/p>\n<p>&nbsp;<\/p>\n<p>&nbsp;<\/p>\n<p>[\/et_pb_text][et_pb_gallery gallery_ids=\u00a0\u00bb6936,6935,6934,6933,6932,6931,6930,6929,6928,6927,6926,6925,6924,6923,6922,6921,6920,6919,6918,6917,6916,6915,6914,6913,6912,6911,6910,6909,6908,6907,6906,6905,6904,6903,6902,6901,6900,6899,6898,6897,6896,6895,6894,6893,6892,6891,6890&Prime; posts_number=\u00a0\u00bb12&Prime; _builder_version=\u00a0\u00bb4.4.7&Prime;][\/et_pb_gallery][et_pb_gallery gallery_ids=\u00a0\u00bb6890,6891,6892,6893,6894,6895,6896,6897,6898,6899,6900,6901,6902,6903,6904,6905,6906,6907,6908,6909,6910,6911,6912,6913,6914,6915,6916,6917,6918,6919,6920,6921,6922,6923,6924,6925,6926,6927,6928,6929,6930,6931,6932,6933,6934,6935,6936&Prime; posts_number=\u00a0\u00bb12&Prime; show_title_and_caption=\u00a0\u00bboff\u00a0\u00bb _builder_version=\u00a0\u00bb4.4.7&Prime;][\/et_pb_gallery][\/et_pb_column][\/et_pb_row][\/et_pb_section]<\/p>\n","protected":false},"excerpt":{"rendered":"<p>[et_pb_section fb_built=\u00a0\u00bb1&Prime; _builder_version=\u00a0\u00bb4.4.7&Prime; min_height=\u00a0\u00bb454px\u00a0\u00bb][et_pb_row _builder_version=\u00a0\u00bb4.4.7&Prime;][et_pb_column type=\u00a0\u00bb4_4&Prime; _builder_version=\u00a0\u00bb4.4.7&Prime;][et_pb_text _builder_version=\u00a0\u00bb4.4.7&Prime; text_font=\u00a0\u00bbMontserrat||||||||\u00a0\u00bb text_text_color=\u00a0\u00bb#000000&Prime; text_font_size=\u00a0\u00bb18px\u00a0\u00bb header_font=\u00a0\u00bb|800|||||||\u00a0\u00bb header_text_color=\u00a0\u00bb#E02B20&Prime; header_font_size=\u00a0\u00bb40px\u00a0\u00bb header_2_font=\u00a0\u00bb|700|||||||\u00a0\u00bb header_2_font_size=\u00a0\u00bb30px\u00a0\u00bb header_3_font=\u00a0\u00bb|600|||||||\u00a0\u00bb header_3_font_size=\u00a0\u00bb25px\u00a0\u00bb header_5_font_size=\u00a0\u00bb23px\u00a0\u00bb header_6_font=\u00a0\u00bb|300|||||||\u00a0\u00bb header_6_text_color=\u00a0\u00bb#E02B20&Prime; header_6_font_size=\u00a0\u00bb19px\u00a0\u00bb custom_padding=\u00a0\u00bb||0px|||\u00a0\u00bb hover_enabled=\u00a0\u00bb0&Prime;] &nbsp; &nbsp; P\u00e8lerinage 2025 ! Il est grand temps de penser \u00e0 tes vacances\u00a0! Il y aura du soleil et de la d\u00e9tente, esp\u00e9rons-le. Y aura-t-il aussi ce moment de ressourcement [&hellip;]<\/p>\n","protected":false},"author":1,"featured_media":0,"parent":0,"menu_order":0,"comment_status":"closed","ping_status":"closed","template":"","meta":{"_et_pb_use_builder":"on","_et_pb_old_content":"","_et_gb_content_width":"","_mi_skip_tracking":false},"aioseo_notices":[],"_links":{"self":[{"href":"https:\/\/www.equipesstmichel.org\/divi\/wp-json\/wp\/v2\/pages\/6887"}],"collection":[{"href":"https:\/\/www.equipesstmichel.org\/divi\/wp-json\/wp\/v2\/pages"}],"about":[{"href":"https:\/\/www.equipesstmichel.org\/divi\/wp-json\/wp\/v2\/types\/page"}],"author":[{"embeddable":true,"href":"https:\/\/www.equipesstmichel.org\/divi\/wp-json\/wp\/v2\/users\/1"}],"replies":[{"embeddable":true,"href":"https:\/\/www.equipesstmichel.org\/divi\/wp-json\/wp\/v2\/comments?post=6887"}],"version-history":[{"count":37,"href":"https:\/\/www.equipesstmichel.org\/divi\/wp-json\/wp\/v2\/pages\/6887\/revisions"}],"predecessor-version":[{"id":8927,"href":"https:\/\/www.equipesstmichel.org\/divi\/wp-json\/wp\/v2\/pages\/6887\/revisions\/8927"}],"wp:attachment":[{"href":"https:\/\/www.equipesstmichel.org\/divi\/wp-json\/wp\/v2\/media?parent=6887"}],"curies":[{"name":"wp","href":"https:\/\/api.w.org\/{rel}","templated":true}]}}