{"id":6989,"date":"2020-05-25T11:54:14","date_gmt":"2020-05-25T09:54:14","guid":{"rendered":"http:\/\/www.equipesstmichel.org\/divi\/?page_id=6989"},"modified":"2020-07-05T08:41:11","modified_gmt":"2020-07-05T06:41:11","slug":"contact-et-informations","status":"publish","type":"page","link":"https:\/\/www.equipesstmichel.org\/divi\/contact-et-informations\/","title":{"rendered":"Contact et Informations"},"content":{"rendered":"<p>[et_pb_section fb_built=\u00a0\u00bb1&Prime; _builder_version=\u00a0\u00bb4.4.7&Prime;][et_pb_row column_structure=\u00a0\u00bb1_2,1_2&Prime; _builder_version=\u00a0\u00bb4.4.7&Prime;][et_pb_column type=\u00a0\u00bb1_2&Prime; _builder_version=\u00a0\u00bb4.4.7&Prime;][et_pb_text _builder_version=\u00a0\u00bb4.4.7&Prime; text_font=\u00a0\u00bbMontserrat||||||||\u00a0\u00bb text_text_color=\u00a0\u00bb#000000&Prime; text_font_size=\u00a0\u00bb18px\u00a0\u00bb header_font=\u00a0\u00bbMontserrat|800|||||||\u00a0\u00bb header_text_color=\u00a0\u00bb#e02b20&Prime; header_font_size=\u00a0\u00bb40px\u00a0\u00bb header_2_font=\u00a0\u00bb|700|||||||\u00a0\u00bb header_2_font_size=\u00a0\u00bb30px\u00a0\u00bb header_3_font=\u00a0\u00bb|600|||||||\u00a0\u00bb header_3_font_size=\u00a0\u00bb25px\u00a0\u00bb header_5_font_size=\u00a0\u00bb23px\u00a0\u00bb header_6_font=\u00a0\u00bb|300|||||||\u00a0\u00bb header_6_text_color=\u00a0\u00bb#E02B20&Prime; header_6_font_size=\u00a0\u00bb19px\u00a0\u00bb hover_enabled=\u00a0\u00bb0&Prime;]<\/p>\n<h1>Nous contacter:<\/h1>\n<p>&nbsp;<\/p>\n<p>T\u00e9l\u00e9phone : <strong>+32(0)495\/773.779<\/strong><br \/> Courrier :<br \/> Les Equipes Saint-Michel asbl<br \/> Avenue de Tervueren, 85<br \/> 1040 Bruxelles<br \/> Belgique<\/p>\n<p>Courriel : <a href=\"mailto:info@equipesstmichel.org\">info@equipesstmichel.org<\/a><br \/> Courriel Journal : <a href=\"mailto:journal@equipesstmichel.org\">journal@equipesstmichel.org<\/a><br \/> Pour signaler un changement d\u2019adresse : <a href=\"mailto:changement@equipesstmichel.org\">changement@equipesstmichel.org<br \/> <\/a>Pour se d\u00e9sinscrire : <a href=\"mailto:unsubscribe@equipesstmichel.org\">unsubscribe@equipesstmichel.org<\/a><\/p>\n<p>Facebook R\u00e9seau Jeunesse<\/p>\n<p>[\/et_pb_text][\/et_pb_column][et_pb_column type=\u00a0\u00bb1_2&Prime; _builder_version=\u00a0\u00bb4.4.7&Prime;][et_pb_image src=\u00a0\u00bbhttp:\/\/www.equipesstmichel.org\/divi\/wp-content\/uploads\/2020\/05\/2018_5_-scaled.jpg\u00a0\u00bb title_text=\u00a0\u00bb2018_5_\u00a0\u00bb _builder_version=\u00a0\u00bb4.4.7&Prime; custom_margin=\u00a0\u00bb||92px|||\u00a0\u00bb][\/et_pb_image][et_pb_image src=\u00a0\u00bbhttp:\/\/www.equipesstmichel.org\/divi\/wp-content\/uploads\/2020\/05\/2018_5_-scaled.jpg\u00a0\u00bb title_text=\u00a0\u00bb2018_5_\u00a0\u00bb _builder_version=\u00a0\u00bb4.4.7&Prime; custom_padding=\u00a0\u00bb|608px||||\u00a0\u00bb][\/et_pb_image][\/et_pb_column][\/et_pb_row][et_pb_row _builder_version=\u00a0\u00bb4.4.7&Prime;][et_pb_column type=\u00a0\u00bb4_4&Prime; _builder_version=\u00a0\u00bb4.4.7&Prime;][et_pb_text _builder_version=\u00a0\u00bb4.4.7&Prime; text_font=\u00a0\u00bbMontserrat||||||||\u00a0\u00bb text_text_color=\u00a0\u00bb#000000&Prime; text_font_size=\u00a0\u00bb18px\u00a0\u00bb header_font=\u00a0\u00bbMontserrat|800|||||||\u00a0\u00bb header_text_color=\u00a0\u00bb#E02B20&Prime; header_font_size=\u00a0\u00bb40px\u00a0\u00bb header_2_font=\u00a0\u00bb|700|||||||\u00a0\u00bb header_2_font_size=\u00a0\u00bb30px\u00a0\u00bb header_3_font=\u00a0\u00bb|600|||||||\u00a0\u00bb header_3_font_size=\u00a0\u00bb25px\u00a0\u00bb header_5_font_size=\u00a0\u00bb23px\u00a0\u00bb header_6_font=\u00a0\u00bb|300|||||||\u00a0\u00bb header_6_text_color=\u00a0\u00bb#E02B20&Prime; header_6_font_size=\u00a0\u00bb19px\u00a0\u00bb hover_enabled=\u00a0\u00bb0&Prime;]<\/p>\n<h1>Informations g\u00e9n\u00e9rales<\/h1>\n<p>&nbsp;<\/p>\n<h6>Transport :<\/h6>\n<p>Des d\u00e9parts en car (le matin) sont organis\u00e9s depuis Bruxelles, Namur et Li\u00e8ge. Ces cars (sp\u00e9cialis\u00e9s) se rendront directement \u00e0 Lourdes. Il est \u00e9galement possible de se rendre sur place par ses propres moyens.<\/p>\n<h6>Inscriptions :<\/h6>\n<p>Les inscriptions sont ouvertes dans le courant du mois d\u2019avril.<\/p>\n<p>CE P\u00c8LERINAGE EST OUVERT \u00c0 TOUS !<\/p>\n<h6>Encadrement :<\/h6>\n<p>L\u2019organisation est prise en charge par le staff de la coordination et les activit\u00e9s sur place sont organis\u00e9es par le staff de l\u2019animation. Nous sommes accompagn\u00e9s de plusieurs P\u00e8res ainsi que de deux m\u00e9decins. Pour plus d\u2019informations concernant l\u2019encadrement sur place, n\u2019h\u00e9sitez pas \u00e0 nous contacter.<\/p>\n<h6>Prix :<\/h6>\n<p>Les conditions tarifaires varient selon les ann\u00e9es et d\u00e9pendent de plusieurs crit\u00e8res. Ces prix seront communiqu\u00e9s d\u00e8s l\u2019ouverture des inscriptions. En aucun cas ils ne peuvent constituer un emp\u00eachement \u00e0 votre participation!<\/p>\n<h6>Adresse sur place (Organisateurs) :<\/h6>\n<p> Les Equipes Saint-Michel<br \/>c\/o H\u00f4tel Stella Matutina<br \/>rue Massabielle 9<br \/> F-65100 Lourdes<\/p>\n<p>[\/et_pb_text][\/et_pb_column][\/et_pb_row][et_pb_row _builder_version=\u00a0\u00bb4.4.7&Prime;][et_pb_column type=\u00a0\u00bb4_4&Prime; _builder_version=\u00a0\u00bb4.4.7&Prime;][et_pb_text _builder_version=\u00a0\u00bb4.4.7&Prime; text_font=\u00a0\u00bbMontserrat||||||||\u00a0\u00bb text_text_color=\u00a0\u00bb#000000&Prime; text_font_size=\u00a0\u00bb18px\u00a0\u00bb header_font=\u00a0\u00bbMontserrat|800|||||||\u00a0\u00bb header_text_color=\u00a0\u00bb#E02B20&Prime; header_font_size=\u00a0\u00bb40px\u00a0\u00bb header_2_font=\u00a0\u00bb|700|||||||\u00a0\u00bb header_2_font_size=\u00a0\u00bb30px\u00a0\u00bb header_3_font=\u00a0\u00bb|600|||||||\u00a0\u00bb header_3_font_size=\u00a0\u00bb25px\u00a0\u00bb header_5_font_size=\u00a0\u00bb23px\u00a0\u00bb header_6_font=\u00a0\u00bb|300|||||||\u00a0\u00bb header_6_text_color=\u00a0\u00bb#E02B20&Prime; header_6_font_size=\u00a0\u00bb19px\u00a0\u00bb hover_enabled=\u00a0\u00bb0&Prime;]<\/p>\n<h1>Charte des Equipes Saint Michel<\/h1>\n<p>&nbsp;<\/p>\n<p>\u00ab LE ROYAUME DE DIEU EST SEMBLABLE A UN GRAIN DE BLE JETE EN TERRE, ET QUI SE MET A POUSSER\u2026\u00bb, disait J\u00e9sus. Le royaume de Dieu, c\u2019est son r\u00eave pour toi et pour nous. Dieu est toujours du c\u00f4t\u00e9 de ce qui grandit. \u00c0 Lourdes, tu vivras une exp\u00e9rience de croissance.<\/p>\n<h6 style=\"text-align: center;\"><\/h6>\n<p>1. Les personnes handicap\u00e9es sont au c\u0153ur du p\u00e8lerinage des \u00c9quipes Saint-Michel. Elles seront, pour toi et pour notre groupe, source de croissance. Peut-\u00eatre es-tu venu pour les aider. Tu d\u00e9couvriras tr\u00e8s vite que ce sont elles qui sont tes guides. N\u2019oublie donc pas de les laisser passer avant toi. Elles te tracent le chemin.<\/p>\n<p>2. Lourdes est une oasis, un lieu magique o\u00f9 tout le monde semble plus ouvert, plus solidaire, plus int\u00e9rieur. Notre vie si mat\u00e9rialiste se d\u00e9sencombre pour faire place aux autres. Des visages inconnus t\u2019inviteront \u00e0 tisser de nouvelles amiti\u00e9s, pour le temps d\u2019un p\u00e8lerinage ou pour plus longtemps. N\u2019h\u00e9site pas \u00e0 sortir de ton petit cercle habituel, \u00e0 \u00e9largir tes horizons.<\/p>\n<p>3. Lourdes est une terre religieuse. Cela te sautera vite aux yeux. Les personnes au service desquelles tu veux te mettre font une d\u00e9marche de p\u00e8lerinage. Tu seras sans doute touch\u00e9 par leur foi, leurs pri\u00e8res s\u2019exprimant de multiples fa\u00e7ons, leurs gestes et leurs paroles toutes simples. Tout cela parce qu\u2019en 1858, une fille de quatorze ans y a v\u00e9cu une exp\u00e9rience forte et a os\u00e9 en t\u00e9moigner.<\/p>\n<p>4. Les \u00c9quipes Saint-Michel ont fait le choix de vivre en \u00abcommunaut\u00e9s-h\u00f4tels\u00bb : lieu de solidarit\u00e9, de partage, d\u2019\u00e9change, d\u2019amiti\u00e9, de d\u00e9tente, de pri\u00e8re\u2026 La communaut\u00e9-h\u00f4tel est le centre n\u00e9vralgique de notre p\u00e8lerinage.<\/p>\n<p>5. Des temps forts nous rassembleront tous : la charte, le chemin de croix, la veill\u00e9e Bonne Nouvelle, des messes et autres c\u00e9l\u00e9brations, des conf\u00e9rences et carrefours, la f\u00eate de l\u2019amiti\u00e9, la marche de nuit \u00e0 Bartr\u00e8s, le sacrement des malades ou de la r\u00e9conciliation\u2026<\/p>\n<p>6. Des d\u00e9marches individuelles, seul ou \u00e0 quelques- uns, sont tout aussi importantes : un petit verre ou une cr\u00eape avec ceux que tu accompagnes, un moment de pri\u00e8re devant la Grotte (ou dans un autre lieu), la d\u00e9marche des piscines, l\u2019achat de l\u2019un ou l\u2019autre souvenir pour les personnes qui attendent ce geste d\u2019amiti\u00e9\u2026<\/p>\n<p>7. Plus de cent cinquante jeunes : que de liens peuvent \u00eatre tiss\u00e9s ! L\u2019ambiance de Lourdes, la pr\u00e9sence des personnes handicap\u00e9es, le cadre des ESM l\u2019inviteront \u00e0 faire de ces rencontres des instants de qualit\u00e9s.<\/p>\n<p>8. Tu comprendras d\u00e8s lors sans peine que nous te demandons de respecter les consignes suivantes, garde-fous qui prot\u00e8gent l\u2019originalit\u00e9 et la richesse de notre p\u00e8lerinage<\/p>\n<p>[\/et_pb_text][et_pb_text _builder_version=\u00a0\u00bb4.4.7&Prime; text_font=\u00a0\u00bbMontserrat||||||||\u00a0\u00bb text_text_color=\u00a0\u00bb#000000&Prime; text_font_size=\u00a0\u00bb18px\u00a0\u00bb header_font=\u00a0\u00bbMontserrat|800|||||||\u00a0\u00bb header_text_color=\u00a0\u00bb#E02B20&Prime; header_font_size=\u00a0\u00bb40px\u00a0\u00bb header_2_font=\u00a0\u00bb|700|||||||\u00a0\u00bb header_2_font_size=\u00a0\u00bb30px\u00a0\u00bb header_3_font=\u00a0\u00bb|600|||||||\u00a0\u00bb header_3_font_size=\u00a0\u00bb25px\u00a0\u00bb header_5_font_size=\u00a0\u00bb23px\u00a0\u00bb header_6_font=\u00a0\u00bb|300|||||||\u00a0\u00bb header_6_text_color=\u00a0\u00bb#E02B20&Prime; header_6_font_size=\u00a0\u00bb19px\u00a0\u00bb hover_enabled=\u00a0\u00bb0&Prime;]<\/p>\n<h1>Mentions L\u00e9gales<\/h1>\n<p>&nbsp;<\/p>\n<h6>ASBL \u00c9quipes Saint Michel<\/h6>\n<p>85 Avenue de Tervuren, 1040 Bruxelles<br \/> Num\u00e9ro d\u2019entreprise : 0478027579<\/p>\n<p>La participation au p\u00e8lerinage \u00e0 Lourdes et aux activit\u00e9s de l\u2019ASBL des Equipes Saint-Michel (NN : 0478027579) rel\u00e8ve du volontariat (cfr Loi du 3\/7\/2005). L\u2019association a donc souscrit une assurance RC pour couvrir les actes des volontaires entre eux et vis-\u00e0-vis de tiers mais n\u2019a pas souscrit d\u2019assurance accident collectif ni d\u2019assistance \u00e0 l\u2019\u00e9tranger, lesquelles ne sont pas obligatoires.<\/p>\n<p>Vos donn\u00e9es seront trait\u00e9es en conformit\u00e9 avec le RGPD. Si vous souhaitez plus d\u2019informations, veillez en faire la demande \u00e0 info@equipesstmichel.org Si vous ne souhaitez plus recevoir d\u2019informations de notre part, veuillez le signaler \u00e0 unsubscribe@equipesstmichel.org.<\/p>\n<p>Si vous \u00eates demandeur d\u2019emploi, pr\u00e9pensionn\u00e9, en incapacit\u00e9 de travail, b\u00e9n\u00e9ficiaire du revenu d\u2019int\u00e9gration sociale ou demandeur d\u2019asile, veuillez contacter les organismes concern\u00e9s. Si vous souhaitez plus de renseignements, veuillez contacter le secr\u00e9tariat.<\/p>\n<p>Le Volontaire est li\u00e9 par le secret professionnel et \u00e0 un devoir de discr\u00e9tion. Il lui est interdit de divulguer toute information confidentielle aff\u00e9rente \u00e0<\/p>\n<p>l\u2019association et aux personnes. Il sera particuli\u00e8rement attentif aux messages sur les r\u00e9seaux sociaux.<\/p>\n<p>Le Volontaire accepte d\u2019\u00eatre film\u00e9, photographi\u00e9 ou enregistr\u00e9. Les photos, vid\u00e9os et enregistrements sonores pourront \u00eatre utilis\u00e9s pour des publications internes et externes, sur tout type de support digital (en ce compris le site Internet et les r\u00e9seaux sociaux) ou imprim\u00e9, ou encore \u00e0 la radio ou t\u00e9l\u00e9vision. Cette autorisation est valable jusqu\u2019\u00e0 r\u00e9vocation expresse de la part du Volontaire, qui devra \u00eatre communiqu\u00e9e par \u00e9crit au Directeur des Equipes Saint-Michel.<\/p>\n<p>[\/et_pb_text][\/et_pb_column][\/et_pb_row][et_pb_row _builder_version=\u00a0\u00bb4.4.7&Prime;][et_pb_column type=\u00a0\u00bb4_4&Prime; _builder_version=\u00a0\u00bb4.4.7&Prime;][et_pb_text _builder_version=\u00a0\u00bb4.4.7&Prime; text_font=\u00a0\u00bbMontserrat||||||||\u00a0\u00bb text_text_color=\u00a0\u00bb#000000&Prime; text_font_size=\u00a0\u00bb18px\u00a0\u00bb header_font=\u00a0\u00bbMontserrat|800|||||||\u00a0\u00bb header_text_color=\u00a0\u00bb#E02B20&Prime; header_font_size=\u00a0\u00bb40px\u00a0\u00bb header_2_font=\u00a0\u00bb|700|||||||\u00a0\u00bb header_2_font_size=\u00a0\u00bb30px\u00a0\u00bb header_3_font=\u00a0\u00bb|600|||||||\u00a0\u00bb header_3_font_size=\u00a0\u00bb25px\u00a0\u00bb header_5_font_size=\u00a0\u00bb23px\u00a0\u00bb header_6_font=\u00a0\u00bb|300|||||||\u00a0\u00bb header_6_text_color=\u00a0\u00bb#E02B20&Prime; header_6_font_size=\u00a0\u00bb19px\u00a0\u00bb hover_enabled=\u00a0\u00bb0&Prime;]<\/p>\n<h1>Nous soutenir<\/h1>\n<p>&nbsp;<\/p>\n<p>En vue d\u2019offrir au plus grand nombre la possibilit\u00e9 de participer au p\u00e8lerinage \u00e0 Lourdes ou aux diverses activit\u00e9s organis\u00e9es pendant l\u2019ann\u00e9e, les \u00c9quipes Saint-Michel accueillent toujours bien volontiers vos dons. Vous pouvez verser ces dons :<\/p>\n<p>Soit sur notre compte BE20 3100 0759 2156<\/p>\n<p>Soit, si vous souhaitez b\u00e9n\u00e9ficier d\u2019une exon\u00e9ration fiscale (40 \u20ac minimum), au compte BE14 3100 7989 8683 de Caritas Secours avec la communication \u00ab Projet 196 Equipes St-Michel \u00bb.<\/p>\n<p style=\"text-align: center;\">Merci !<\/p>\n<p>[\/et_pb_text][\/et_pb_column][\/et_pb_row][\/et_pb_section]<\/p>\n","protected":false},"excerpt":{"rendered":"<p>[et_pb_section fb_built=\u00a0\u00bb1&Prime; _builder_version=\u00a0\u00bb4.4.7&Prime;][et_pb_row column_structure=\u00a0\u00bb1_2,1_2&Prime; _builder_version=\u00a0\u00bb4.4.7&Prime;][et_pb_column type=\u00a0\u00bb1_2&Prime; _builder_version=\u00a0\u00bb4.4.7&Prime;][et_pb_text _builder_version=\u00a0\u00bb4.4.7&Prime; text_font=\u00a0\u00bbMontserrat||||||||\u00a0\u00bb text_text_color=\u00a0\u00bb#000000&Prime; text_font_size=\u00a0\u00bb18px\u00a0\u00bb header_font=\u00a0\u00bbMontserrat|800|||||||\u00a0\u00bb header_text_color=\u00a0\u00bb#e02b20&Prime; header_font_size=\u00a0\u00bb40px\u00a0\u00bb header_2_font=\u00a0\u00bb|700|||||||\u00a0\u00bb header_2_font_size=\u00a0\u00bb30px\u00a0\u00bb header_3_font=\u00a0\u00bb|600|||||||\u00a0\u00bb header_3_font_size=\u00a0\u00bb25px\u00a0\u00bb header_5_font_size=\u00a0\u00bb23px\u00a0\u00bb header_6_font=\u00a0\u00bb|300|||||||\u00a0\u00bb header_6_text_color=\u00a0\u00bb#E02B20&Prime; header_6_font_size=\u00a0\u00bb19px\u00a0\u00bb hover_enabled=\u00a0\u00bb0&Prime;] Nous contacter: &nbsp; T\u00e9l\u00e9phone : +32(0)495\/773.779 Courrier : Les Equipes Saint-Michel asbl Avenue de Tervueren, 85 1040 Bruxelles Belgique Courriel : info@equipesstmichel.org Courriel Journal : journal@equipesstmichel.org Pour signaler un changement d\u2019adresse : [&hellip;]<\/p>\n","protected":false},"author":1,"featured_media":0,"parent":0,"menu_order":0,"comment_status":"closed","ping_status":"closed","template":"","meta":{"_et_pb_use_builder":"on","_et_pb_old_content":"","_et_gb_content_width":"","_mi_skip_tracking":false},"aioseo_notices":[],"_links":{"self":[{"href":"https:\/\/www.equipesstmichel.org\/divi\/wp-json\/wp\/v2\/pages\/6989"}],"collection":[{"href":"https:\/\/www.equipesstmichel.org\/divi\/wp-json\/wp\/v2\/pages"}],"about":[{"href":"https:\/\/www.equipesstmichel.org\/divi\/wp-json\/wp\/v2\/types\/page"}],"author":[{"embeddable":true,"href":"https:\/\/www.equipesstmichel.org\/divi\/wp-json\/wp\/v2\/users\/1"}],"replies":[{"embeddable":true,"href":"https:\/\/www.equipesstmichel.org\/divi\/wp-json\/wp\/v2\/comments?post=6989"}],"version-history":[{"count":16,"href":"https:\/\/www.equipesstmichel.org\/divi\/wp-json\/wp\/v2\/pages\/6989\/revisions"}],"predecessor-version":[{"id":7552,"href":"https:\/\/www.equipesstmichel.org\/divi\/wp-json\/wp\/v2\/pages\/6989\/revisions\/7552"}],"wp:attachment":[{"href":"https:\/\/www.equipesstmichel.org\/divi\/wp-json\/wp\/v2\/media?parent=6989"}],"curies":[{"name":"wp","href":"https:\/\/api.w.org\/{rel}","templated":true}]}}