{"id":7312,"date":"2020-06-20T19:34:35","date_gmt":"2020-06-20T17:34:35","guid":{"rendered":"http:\/\/www.equipesstmichel.org\/divi\/?page_id=7312"},"modified":"2025-02-13T15:46:35","modified_gmt":"2025-02-13T14:46:35","slug":"editos","status":"publish","type":"page","link":"https:\/\/www.equipesstmichel.org\/divi\/editos\/","title":{"rendered":"Editos"},"content":{"rendered":"<p>[et_pb_section fb_built=\u00a0\u00bb1&Prime; _builder_version=\u00a0\u00bb4.4.7&Prime; background_color=\u00a0\u00bb#d6d6d6&Prime;][et_pb_row _builder_version=\u00a0\u00bb4.4.7&Prime; background_color=\u00a0\u00bb#d6d6d6&Prime; custom_margin=\u00a0\u00bb||0px||false|false\u00a0\u00bb custom_padding=\u00a0\u00bb0px||0px||false|false\u00a0\u00bb][et_pb_column _builder_version=\u00a0\u00bb4.4.7&Prime; type=\u00a0\u00bb4_4&Prime;][et_pb_text _builder_version=\u00a0\u00bb4.4.7&Prime; text_font=\u00a0\u00bbMontserrat||||||||\u00a0\u00bb header_font=\u00a0\u00bbMontserrat|700|||||||\u00a0\u00bb header_text_color=\u00a0\u00bb#e02b20&Prime; background_color=\u00a0\u00bb#d6d6d6&Prime; custom_padding=\u00a0\u00bb5px||||false|false\u00a0\u00bb][\/et_pb_text][et_pb_text _builder_version=\u00a0\u00bb4.4.7&Prime;]<\/p>\n<h1>Charte des Equipes Saint Michel<\/h1>\n<p>&nbsp;<\/p>\n<p>\u00ab LE ROYAUME DE DIEU EST SEMBLABLE A UN GRAIN DE BLE JETE EN TERRE, ET QUI SE MET A POUSSER\u2026\u00bb, disait J\u00e9sus. Le royaume de Dieu, c\u2019est son r\u00eave pour toi et pour nous. Dieu est toujours du c\u00f4t\u00e9 de ce qui grandit. \u00c0 Lourdes, tu vivras une exp\u00e9rience de croissance.<\/p>\n<h6><\/h6>\n<p>1. Les personnes handicap\u00e9es sont au c\u0153ur du p\u00e8lerinage des \u00c9quipes Saint-Michel. Elles seront, pour toi et pour notre groupe, source de croissance. Peut-\u00eatre es-tu venu pour les aider. Tu d\u00e9couvriras tr\u00e8s vite que ce sont elles qui sont tes guides. N\u2019oublie donc pas de les laisser passer avant toi. Elles te tracent le chemin.<\/p>\n<p>2. Lourdes est une oasis, un lieu magique o\u00f9 tout le monde semble plus ouvert, plus solidaire, plus int\u00e9rieur. Notre vie si mat\u00e9rialiste se d\u00e9sencombre pour faire place aux autres. Des visages inconnus t\u2019inviteront \u00e0 tisser de nouvelles amiti\u00e9s, pour le temps d\u2019un p\u00e8lerinage ou pour plus longtemps. N\u2019h\u00e9site pas \u00e0 sortir de ton petit cercle habituel, \u00e0 \u00e9largir tes horizons.<\/p>\n<p>3. Lourdes est une terre religieuse. Cela te sautera vite aux yeux. Les personnes au service desquelles tu veux te mettre font une d\u00e9marche de p\u00e8lerinage. Tu seras sans doute touch\u00e9 par leur foi, leurs pri\u00e8res s\u2019exprimant de multiples fa\u00e7ons, leurs gestes et leurs paroles toutes simples. Tout cela parce qu\u2019en 1858, une fille de quatorze ans y a v\u00e9cu une exp\u00e9rience forte et a os\u00e9 en t\u00e9moigner.<\/p>\n<p>4. Les \u00c9quipes Saint-Michel ont fait le choix de vivre en \u00abcommunaut\u00e9s-h\u00f4tels\u00bb : lieu de solidarit\u00e9, de partage, d\u2019\u00e9change, d\u2019amiti\u00e9, de d\u00e9tente, de pri\u00e8re\u2026 La communaut\u00e9-h\u00f4tel est le centre n\u00e9vralgique de notre p\u00e8lerinage.<\/p>\n<p>5. Des temps forts nous rassembleront tous : la charte, le chemin de croix, la veill\u00e9e Bonne Nouvelle, des messes et autres c\u00e9l\u00e9brations, des conf\u00e9rences et carrefours, la f\u00eate de l\u2019amiti\u00e9, la marche de nuit \u00e0 Bartr\u00e8s, le sacrement des malades ou de la r\u00e9conciliation\u2026<\/p>\n<p>6. Des d\u00e9marches individuelles, seul ou \u00e0 quelques- uns, sont tout aussi importantes : un petit verre ou une cr\u00eape avec ceux que tu accompagnes, un moment de pri\u00e8re devant la Grotte (ou dans un autre lieu), la d\u00e9marche des piscines, l\u2019achat de l\u2019un ou l\u2019autre souvenir pour les personnes qui attendent ce geste d\u2019amiti\u00e9\u2026<\/p>\n<p>7. Plus de cent cinquante jeunes : que de liens peuvent \u00eatre tiss\u00e9s ! L\u2019ambiance de Lourdes, la pr\u00e9sence des personnes handicap\u00e9es, le cadre des ESM l\u2019inviteront \u00e0 faire de ces rencontres des instants de qualit\u00e9s.<\/p>\n<p>8. Tu comprendras d\u00e8s lors sans peine que nous te demandons de respecter les consignes suivantes, garde-fous qui prot\u00e8gent l\u2019originalit\u00e9 et la richesse de notre p\u00e8lerinage<\/p>\n<p>[\/et_pb_text][\/et_pb_column][\/et_pb_row][et_pb_row column_structure=\u00a0\u00bb2_5,3_5&Prime; _builder_version=\u00a0\u00bb4.4.7&Prime; background_color=\u00a0\u00bb#d6d6d6&Prime; custom_margin=\u00a0\u00bb||0px||false|false\u00a0\u00bb custom_padding=\u00a0\u00bb0px||0px||false|false\u00a0\u00bb][et_pb_column type=\u00a0\u00bb2_5&Prime; _builder_version=\u00a0\u00bb4.4.7&Prime;][et_pb_text _builder_version=\u00a0\u00bb4.4.7&Prime; text_font=\u00a0\u00bbMontserrat||||||||\u00a0\u00bb header_font=\u00a0\u00bbMontserrat|700|||||||\u00a0\u00bb header_text_color=\u00a0\u00bb#e02b20&Prime; background_color=\u00a0\u00bb#d6d6d6&Prime; custom_padding=\u00a0\u00bb5px||||false|false\u00a0\u00bb][\/et_pb_text][\/et_pb_column][et_pb_column type=\u00a0\u00bb3_5&Prime; _builder_version=\u00a0\u00bb4.4.7&Prime;][et_pb_image src=\u00a0\u00bbhttp:\/\/www.equipesstmichel.org\/divi\/wp-content\/uploads\/2020\/05\/2018_277_-scaled.jpg\u00a0\u00bb title_text=\u00a0\u00bb2018_277_\u00a0\u00bb _builder_version=\u00a0\u00bb4.4.7&Prime;][\/et_pb_image][\/et_pb_column][\/et_pb_row][et_pb_row _builder_version=\u00a0\u00bb4.4.7&Prime; background_color=\u00a0\u00bb#d6d6d6&Prime;][et_pb_column type=\u00a0\u00bb4_4&Prime; _builder_version=\u00a0\u00bb4.4.7&Prime;][et_pb_text _builder_version=\u00a0\u00bb4.4.7&Prime; text_font=\u00a0\u00bbMontserrat||||||||\u00a0\u00bb][\/et_pb_text][\/et_pb_column][\/et_pb_row][\/et_pb_section][et_pb_section fb_built=\u00a0\u00bb1&Prime; _builder_version=\u00a0\u00bb4.4.7&Prime;][et_pb_row column_structure=\u00a0\u00bb1_2,1_2&Prime; _builder_version=\u00a0\u00bb4.4.7&Prime;][et_pb_column type=\u00a0\u00bb1_2&Prime; _builder_version=\u00a0\u00bb4.4.7&Prime;][et_pb_image src=\u00a0\u00bbhttp:\/\/www.equipesstmichel.org\/divi\/wp-content\/uploads\/2020\/05\/2018_189_-scaled.jpg\u00a0\u00bb title_text=\u00a0\u00bb2018_189_\u00a0\u00bb _builder_version=\u00a0\u00bb4.4.7&Prime; custom_margin=\u00a0\u00bb60px|||||\u00a0\u00bb][\/et_pb_image][\/et_pb_column][et_pb_column type=\u00a0\u00bb1_2&Prime; _builder_version=\u00a0\u00bb4.4.7&Prime;][et_pb_text _builder_version=\u00a0\u00bb4.4.7&Prime; text_font=\u00a0\u00bbMontserrat||||||||\u00a0\u00bb header_font=\u00a0\u00bbMontserrat|700|||||||\u00a0\u00bb header_text_color=\u00a0\u00bb#e02b20&Prime;][\/et_pb_text][\/et_pb_column][\/et_pb_row][et_pb_row column_structure=\u00a0\u00bb2_3,1_3&Prime; _builder_version=\u00a0\u00bb4.4.7&Prime;][et_pb_column type=\u00a0\u00bb2_3&Prime; _builder_version=\u00a0\u00bb4.4.7&Prime;][et_pb_text _builder_version=\u00a0\u00bb4.4.7&Prime; text_font=\u00a0\u00bbMontserrat||||||||\u00a0\u00bb header_font=\u00a0\u00bbMontserrat|800|||||||\u00a0\u00bb header_text_color=\u00a0\u00bb#e02b20&Prime; header_2_font_size=\u00a0\u00bb40px\u00a0\u00bb][\/et_pb_text][\/et_pb_column][et_pb_column type=\u00a0\u00bb1_3&Prime; _builder_version=\u00a0\u00bb4.4.7&Prime;][et_pb_image src=\u00a0\u00bbhttp:\/\/www.equipesstmichel.org\/divi\/wp-content\/uploads\/2020\/05\/2019-08-19-11-11-17-IMG_6403-Jeremie-Denis-Photography.jpg\u00a0\u00bb title_text=\u00a0\u00bb2019-08-19-11-11-17-IMG_6403-Jeremie-Denis-Photography\u00a0\u00bb _builder_version=\u00a0\u00bb4.4.7&Prime;][\/et_pb_image][\/et_pb_column][\/et_pb_row][et_pb_row column_structure=\u00a0\u00bb2_5,3_5&Prime; _builder_version=\u00a0\u00bb4.4.7&Prime; min_height=\u00a0\u00bb298px\u00a0\u00bb][et_pb_column type=\u00a0\u00bb2_5&Prime; _builder_version=\u00a0\u00bb4.4.7&Prime;][et_pb_image src=\u00a0\u00bbhttp:\/\/www.equipesstmichel.org\/divi\/wp-content\/uploads\/2020\/05\/2019-08-19-09-53-32-IMG_6335-Jeremie-Denis-Photography.jpg\u00a0\u00bb title_text=\u00a0\u00bb2019-08-19-09-53-32-IMG_6335-Jeremie-Denis-Photography\u00a0\u00bb _builder_version=\u00a0\u00bb4.4.7&Prime;][\/et_pb_image][\/et_pb_column][et_pb_column type=\u00a0\u00bb3_5&Prime; _builder_version=\u00a0\u00bb4.4.7&Prime;][et_pb_text _builder_version=\u00a0\u00bb4.4.7&Prime; text_font=\u00a0\u00bbMontserrat||||||||\u00a0\u00bb header_font=\u00a0\u00bbMontserrat|800|||||||\u00a0\u00bb header_text_color=\u00a0\u00bb#e02b20&Prime; header_2_font_size=\u00a0\u00bb40px\u00a0\u00bb custom_padding=\u00a0\u00bb51px|||||\u00a0\u00bb]<\/p>\n<header class=\"entry-header\">\n<h1 class=\"entry-title\"><a href=\"http:\/\/www.equipesstmichel.org\/wp\/le-vrai-miracle-de-lourdes\/\" title=\"Lien Permanent pour Le vrai miracle de Lourdes\" rel=\"bookmark\">Le vrai miracle de Lourdes<\/a><\/span><\/h1>\n<\/header>\n<div class=\"entry-content\">\n<h1><\/h1>\n<p>Lourdes, terre de miracles, dit-on. Et c\u2019est vrai. On compte par centaines les gens qui en sont revenus gu\u00e9ris. L\u2019\u00c9glise a d\u2019ailleurs reconnu 70 miracles, c\u2019est-\u00e0-dire des gu\u00e9risons inexpliqu\u00e9es scientifiquement et qui sont re\u00e7ues comme un clin d\u2019\u0153il de Dieu, un \u00ab\u00a0clin-Dieu\u00a0\u00bb. Mais le miracle qui contient tous les autres, c\u2019est l\u2019histoire de Bernadette elle-m\u00eame, son incroyable aventure. \u00c9coute.<\/p>\n<p>&nbsp;<\/p>\n<\/div>\n<p>[\/et_pb_text][\/et_pb_column][\/et_pb_row][et_pb_row _builder_version=\u00a0\u00bb4.4.7&Prime;][et_pb_column type=\u00a0\u00bb4_4&Prime; _builder_version=\u00a0\u00bb4.4.7&Prime;][et_pb_text _builder_version=\u00a0\u00bb4.4.7&Prime; text_font=\u00a0\u00bbMontserrat||||||||\u00a0\u00bb min_height=\u00a0\u00bb361px\u00a0\u00bb custom_padding=\u00a0\u00bb0px|||||\u00a0\u00bb]<\/p>\n<p>Redescendue de Bartr\u00e8s o\u00f9 elle soignait sa sant\u00e9 fragile, cette jeune fille de 14 ans accompagna un matin sa s\u0153ur et une amie pour aller ramasser du bois de chauffage. En voulant traverser l\u2019eau trop froide pour elle, elle fit une rencontre \u00e9tonnante avec une dame lumineuse. C\u2019\u00e9tait le 11 f\u00e9vrier 1858. Suivront 17 rencontres, jusqu\u2019au 16 juillet. Cette Dame se r\u00e9v\u00e9la \u00eatre \u00ab\u00a0L\u2019Immacul\u00e9e Conception\u00a0\u00bb, un mot que la petite ne comprenait pas, mais que les th\u00e9ologiens utilisaient pour parler de la Vierge Marie. Dans la ville, l\u2019enthousiasme grandissait, mais aussi l\u2019opposition. Gendarmes, politiciens, pr\u00eatres s\u2019en m\u00eal\u00e8rent pour prouver qu\u2019elle \u00e9tait folle. Mais non, elle \u00e9tait d\u2019une sagesse incroyable pour son \u00e2ge. Elle r\u00e9p\u00e9tait inlassablement son histoire, sans se contredire. Un jour, l\u2019\u00e9v\u00eaque de Tarbes lui-m\u00eame reconnut que la petite pauvresse avait bien rencontr\u00e9 la Reine des Cieux.<\/p>\n<p>Les apparitions de 1858 sont termin\u00e9es, mais le miracle continue en 2020 encore. C\u2019est maintenant \u00e0 nous de vivre une incroyable aventure, une histoire \u00e9tonnante de rencontres et d\u2019avoir envie de la raconter \u00e0 notre retour. Peut-\u00eatre seras-tu \u00e9tonn\u00e9-e d\u2019\u00eatre \u00e0 ce point transform\u00e9-e par ce que tu vas vivre parmi ces milliers de p\u00e8lerins (ils sont plus de 3 millions par an). Les personnes moins valides vont, \u00e0 la suite de l\u2019humble Bernadette, te guider vers l\u2019intime de toi-m\u00eame, ce lieu trop souvent oubli\u00e9, o\u00f9 Dieu te donne rendez-vous par la voix de Notre Dame de Lourdes et de la petite Bernadette.<\/p>\n<p>A bient\u00f4t\u00a0!<\/p>\n<p>&nbsp;<\/p>\n<p>[\/et_pb_text][\/et_pb_column][\/et_pb_row][et_pb_row _builder_version=\u00a0\u00bb4.4.7&Prime;][et_pb_column type=\u00a0\u00bb4_4&Prime; _builder_version=\u00a0\u00bb4.4.7&Prime;][et_pb_video src=\u00a0\u00bbhttps:\/\/www.youtube.com\/watch?v=Xfml8NKPV1U\u00a0\u00bb _builder_version=\u00a0\u00bb4.4.7&Prime;][\/et_pb_video][\/et_pb_column][\/et_pb_row][\/et_pb_section][et_pb_section fb_built=\u00a0\u00bb1&Prime; _builder_version=\u00a0\u00bb4.4.7&Prime;][et_pb_row _builder_version=\u00a0\u00bb4.4.7&Prime;][et_pb_column type=\u00a0\u00bb4_4&Prime; _builder_version=\u00a0\u00bb4.4.7&Prime;][et_pb_video src=\u00a0\u00bbhttps:\/\/www.youtube.com\/watch?v=mfi4ocgVIH4&Prime; _builder_version=\u00a0\u00bb4.4.7&Prime;][\/et_pb_video][\/et_pb_column][\/et_pb_row][\/et_pb_section][et_pb_section fb_built=\u00a0\u00bb1&Prime; fullwidth=\u00a0\u00bbon\u00a0\u00bb _builder_version=\u00a0\u00bb4.4.7&Prime;][\/et_pb_section]<\/p>\n","protected":false},"excerpt":{"rendered":"<p>[et_pb_section fb_built=\u00a0\u00bb1&Prime; _builder_version=\u00a0\u00bb4.4.7&Prime; background_color=\u00a0\u00bb#d6d6d6&Prime;][et_pb_row _builder_version=\u00a0\u00bb4.4.7&Prime; background_color=\u00a0\u00bb#d6d6d6&Prime; custom_margin=\u00a0\u00bb||0px||false|false\u00a0\u00bb custom_padding=\u00a0\u00bb0px||0px||false|false\u00a0\u00bb][et_pb_column _builder_version=\u00a0\u00bb4.4.7&Prime; type=\u00a0\u00bb4_4&Prime;][et_pb_text _builder_version=\u00a0\u00bb4.4.7&Prime; text_font=\u00a0\u00bbMontserrat||||||||\u00a0\u00bb header_font=\u00a0\u00bbMontserrat|700|||||||\u00a0\u00bb header_text_color=\u00a0\u00bb#e02b20&Prime; background_color=\u00a0\u00bb#d6d6d6&Prime; custom_padding=\u00a0\u00bb5px||||false|false\u00a0\u00bb][\/et_pb_text][et_pb_text _builder_version=\u00a0\u00bb4.4.7&Prime;] Charte des Equipes Saint Michel &nbsp; \u00ab LE ROYAUME DE DIEU EST SEMBLABLE A UN GRAIN DE BLE JETE EN TERRE, ET QUI SE MET A POUSSER\u2026\u00bb, disait J\u00e9sus. Le royaume de Dieu, c\u2019est son r\u00eave pour toi [&hellip;]<\/p>\n","protected":false},"author":1,"featured_media":0,"parent":0,"menu_order":0,"comment_status":"closed","ping_status":"closed","template":"","meta":{"_et_pb_use_builder":"on","_et_pb_old_content":"","_et_gb_content_width":"","_mi_skip_tracking":false},"aioseo_notices":[],"_links":{"self":[{"href":"https:\/\/www.equipesstmichel.org\/divi\/wp-json\/wp\/v2\/pages\/7312"}],"collection":[{"href":"https:\/\/www.equipesstmichel.org\/divi\/wp-json\/wp\/v2\/pages"}],"about":[{"href":"https:\/\/www.equipesstmichel.org\/divi\/wp-json\/wp\/v2\/types\/page"}],"author":[{"embeddable":true,"href":"https:\/\/www.equipesstmichel.org\/divi\/wp-json\/wp\/v2\/users\/1"}],"replies":[{"embeddable":true,"href":"https:\/\/www.equipesstmichel.org\/divi\/wp-json\/wp\/v2\/comments?post=7312"}],"version-history":[{"count":23,"href":"https:\/\/www.equipesstmichel.org\/divi\/wp-json\/wp\/v2\/pages\/7312\/revisions"}],"predecessor-version":[{"id":8932,"href":"https:\/\/www.equipesstmichel.org\/divi\/wp-json\/wp\/v2\/pages\/7312\/revisions\/8932"}],"wp:attachment":[{"href":"https:\/\/www.equipesstmichel.org\/divi\/wp-json\/wp\/v2\/media?parent=7312"}],"curies":[{"name":"wp","href":"https:\/\/api.w.org\/{rel}","templated":true}]}}