{"id":8013,"date":"2021-09-13T16:28:12","date_gmt":"2021-09-13T14:28:12","guid":{"rendered":"http:\/\/www.equipesstmichel.org\/divi\/?page_id=8013"},"modified":"2022-11-09T22:25:37","modified_gmt":"2022-11-09T21:25:37","slug":"pelerinage-2021","status":"publish","type":"page","link":"https:\/\/www.equipesstmichel.org\/divi\/pelerinage-2021\/","title":{"rendered":"Photos P\u00e9l\u00e9 2021"},"content":{"rendered":"\n[et_pb_section fb_built=\u00a0\u00bb1&Prime; _builder_version=\u00a0\u00bb4.4.7&Prime; hover_enabled=\u00a0\u00bb0&Prime;][et_pb_row _builder_version=\u00a0\u00bb4.4.7&Prime;][et_pb_column type=\u00a0\u00bb4_4&Prime; _builder_version=\u00a0\u00bb4.4.7&Prime;][et_pb_text _builder_version=\u00a0\u00bb4.4.7&Prime; text_font=\u00a0\u00bbMontserrat||||||||\u00a0\u00bb]<div class=\"template-full-widch\" id=\"page\">\n<div id=\"main\">\n<div class=\"primary\">\n<div id=\"content\">\n<article class=\"post-131 page type-page status-publish hentry\" id=\"post-131\">\n<div class=\"col2 fright\">\n<div class=\"entry-content\">\n<p style=\"text-align: justify;\">Si vous figurez sur une photo et souhaitez qu\u2019elle ne soit pas publi\u00e9e sur notre site, contactez-nous et nous la retirerons imm\u00e9diatement.<\/p>\n<p style=\"text-align: justify;\">Vous avez particip\u00e9 \u00e0 une de nos activit\u00e9s et d\u00e9sirez partager vos photos? Envoyez-les nous par e-mail (compress\u00e9es), nous nous ferons un plaisir de les publier sur cette page.<\/p>\n<\/div>\n<\/div>\n<\/article>\n<\/div>\n<\/div>\n<\/div>\n<\/div>[\/et_pb_text][et_pb_gallery gallery_ids=\u00a0\u00bb8012,8011,8010,8009,8008,8007,8006,8004,8003,8002,8001,8000,7999,7998,7997,7996,7995,7994,7993,7992,7991,7990,7989,7988,7987,7986,7985,7984,7983,7982,7981,7980,7979,7978,7977,7976,7975,7974,7973,7972,7971,7970,7969,7968,7967,7966,7965,7964,7963,7962,7961,7960,7959,7958,7957,7956,7955,7954,7953,7952,7951,7950,7949,7948,7947,7946,7945,7944,7943,7942,7941,7940,7939,7938,7937,7936,7935,7934,7933,7932,7931,7930,7929,7928,7927,7926,7925,7924,7923,7922,7921,7920,7919,7918,7917,7916,7915,7914,7913,7912,7911,7910,7909,7908,7907,7906,7905,7904,7903,7902,7901,7900,7899,7898,7897,7896,7895,7894,7893,7892,7890,7891&Prime; posts_number=\u00a0\u00bb12&Prime; show_title_and_caption=\u00a0\u00bboff\u00a0\u00bb _builder_version=\u00a0\u00bb4.4.7&Prime;][\/et_pb_gallery][\/et_pb_column][\/et_pb_row][\/et_pb_section]\n","protected":false},"excerpt":{"rendered":"","protected":false},"author":1,"featured_media":0,"parent":0,"menu_order":0,"comment_status":"closed","ping_status":"closed","template":"","meta":{"_et_pb_use_builder":"on","_et_pb_old_content":"","_et_gb_content_width":"","_mi_skip_tracking":false},"aioseo_notices":[],"_links":{"self":[{"href":"https:\/\/www.equipesstmichel.org\/divi\/wp-json\/wp\/v2\/pages\/8013"}],"collection":[{"href":"https:\/\/www.equipesstmichel.org\/divi\/wp-json\/wp\/v2\/pages"}],"about":[{"href":"https:\/\/www.equipesstmichel.org\/divi\/wp-json\/wp\/v2\/types\/page"}],"author":[{"embeddable":true,"href":"https:\/\/www.equipesstmichel.org\/divi\/wp-json\/wp\/v2\/users\/1"}],"replies":[{"embeddable":true,"href":"https:\/\/www.equipesstmichel.org\/divi\/wp-json\/wp\/v2\/comments?post=8013"}],"version-history":[{"count":9,"href":"https:\/\/www.equipesstmichel.org\/divi\/wp-json\/wp\/v2\/pages\/8013\/revisions"}],"predecessor-version":[{"id":8648,"href":"https:\/\/www.equipesstmichel.org\/divi\/wp-json\/wp\/v2\/pages\/8013\/revisions\/8648"}],"wp:attachment":[{"href":"https:\/\/www.equipesstmichel.org\/divi\/wp-json\/wp\/v2\/media?parent=8013"}],"curies":[{"name":"wp","href":"https:\/\/api.w.org\/{rel}","templated":true}]}}